

{"id":4,"date":"2011-12-08T11:55:34","date_gmt":"2011-12-08T11:55:34","guid":{"rendered":"http:\/\/iww.inria.fr\/template1\/?page_id=4"},"modified":"2021-04-27T17:19:43","modified_gmt":"2021-04-27T15:19:43","slug":"home","status":"publish","type":"page","link":"https:\/\/iww.inria.fr\/sedgra\/","title":{"rendered":"Accueil"},"content":{"rendered":"<p>Les services d&rsquo;exp\u00e9rimentation et de d\u00e9veloppement, appel\u00e9s SED, sont pr\u00e9sents dans tous les centres de recherche INRIA. Leurs missions sont identiques et se d\u00e9clinent selon 3 axes :<\/p>\n<ul>\n<li>maintenir un r\u00e9seau d&rsquo;expertises pour diffuser les bonnes pratiques de d\u00e9veloppement logiciel et l&rsquo;utilisation d&rsquo;outils communautaires au sein des \u00e9quipes-projets,<\/li>\n<li>mettre en place, d\u00e9velopper et maintenir les plates-formes exp\u00e9rimentales avec les \u00e9quipes-projets,<\/li>\n<li>participer aux d\u00e9veloppements logiciels, notamment aux ADT (actions de d\u00e9veloppement technologique) au sein des \u00e9quipes-projets.<\/li>\n<\/ul>\n<h2>Au niveau national :<\/h2>\n<p>C&rsquo;est la <a href=\"https:\/\/intranet.inria.fr\/Inria\/Directions\/Innovation\/DGDI\/Direction\">direction g\u00e9n\u00e9rale d\u00e9l\u00e9gu\u00e9e \u00e0 l&rsquo;innovation (DGD-I)<\/a> qui supervise les activit\u00e9s de d\u00e9veloppement technologique (et donc les activit\u00e9s des services SED), ainsi que celles en mati\u00e8re de transfert, de partenariats industriels.<\/p>\n<h2>Avertissement:<\/h2>\n<p>Le site public pr\u00e9sente les membres du service, les sites des plate-formes exp\u00e9rimentales, les stages propos\u00e9s et nos contributions aux publications. Les informations plus pr\u00e9cises sont accessibles en acc\u00e9s intranet (<a href=\"https:\/\/sed.inrialpes.fr\/local\/\">Accueil SED Intranet<\/a>).<\/p>","protected":false},"excerpt":{"rendered":"<p>Les services d&rsquo;exp\u00e9rimentation et de d\u00e9veloppement, appel\u00e9s SED, sont pr\u00e9sents dans tous les centres de recherche INRIA. Leurs missions sont identiques et se d\u00e9clinent selon 3 axes : maintenir un r\u00e9seau d&rsquo;expertises pour diffuser les bonnes pratiques de d\u00e9veloppement logiciel et l&rsquo;utilisation d&rsquo;outils communautaires au sein des \u00e9quipes-projets, mettre en\u2026<\/p>\n<p> <a class=\"continue-reading-link\" href=\"https:\/\/iww.inria.fr\/sedgra\/\"><span>Continue reading<\/span><i class=\"crycon-right-dir\"><\/i><\/a> <\/p>\n","protected":false},"author":1,"featured_media":0,"parent":0,"menu_order":0,"comment_status":"closed","ping_status":"open","template":"templates\/template-twocolumns-right.php","meta":{"footnotes":""},"class_list":["post-4","page","type-page","status-publish","hentry"],"_links":{"self":[{"href":"https:\/\/iww.inria.fr\/sedgra\/wp-json\/wp\/v2\/pages\/4","targetHints":{"allow":["GET"]}}],"collection":[{"href":"https:\/\/iww.inria.fr\/sedgra\/wp-json\/wp\/v2\/pages"}],"about":[{"href":"https:\/\/iww.inria.fr\/sedgra\/wp-json\/wp\/v2\/types\/page"}],"author":[{"embeddable":true,"href":"https:\/\/iww.inria.fr\/sedgra\/wp-json\/wp\/v2\/users\/1"}],"replies":[{"embeddable":true,"href":"https:\/\/iww.inria.fr\/sedgra\/wp-json\/wp\/v2\/comments?post=4"}],"version-history":[{"count":25,"href":"https:\/\/iww.inria.fr\/sedgra\/wp-json\/wp\/v2\/pages\/4\/revisions"}],"predecessor-version":[{"id":2299,"href":"https:\/\/iww.inria.fr\/sedgra\/wp-json\/wp\/v2\/pages\/4\/revisions\/2299"}],"wp:attachment":[{"href":"https:\/\/iww.inria.fr\/sedgra\/wp-json\/wp\/v2\/media?parent=4"}],"curies":[{"name":"wp","href":"https:\/\/api.w.org\/{rel}","templated":true}]}}