
{"id":4,"date":"2011-12-08T11:55:34","date_gmt":"2011-12-08T11:55:34","guid":{"rendered":"http:\/\/iww.inria.fr\/template1\/?page_id=4"},"modified":"2014-07-24T09:43:33","modified_gmt":"2014-07-24T07:43:33","slug":"home","status":"publish","type":"page","link":"https:\/\/iww.inria.fr\/codcodcoding\/home\/","title":{"rendered":"\u00c0 propos"},"content":{"rendered":"<p><\/p>\n<blockquote>\n<h4><strong>L&rsquo;activit\u00e9<\/strong><\/h4>\n<\/blockquote>\n<p>Cod Cod Coding est une activit\u00e9 hebdomadaire o\u00f9 les enfants (\u00e0 partir de 8 ans) jouent avec des outils de programmation, des jeux et puzzles algorithmiques, des environnements de d\u00e9veloppement et une vari\u00e9t\u00e9 de langages. Par l&rsquo;utilisation du logiciel de programmation intuitif \u00ab\u00a0scratch\u00a0\u00bb, les membres de l\u2019atelier sont amen\u00e9s \u00e0 :<\/p>\n<ul>\n<li>raconter des histoires par la cr\u00e9ation de films d&rsquo;animation<\/li>\n<li>cr\u00e9er des jeux vid\u00e9os<\/li>\n<\/ul>\n<p>Cette activit\u00e9 d\u00e9marre d\u00e9but septembre 2014 et aura lieu tous les mercredis de 16 h \u00e0 18 h au sein de la MJC centre social Nomade \u00e0 Vandoeuvre. Elle a \u00e9t\u00e9 impuls\u00e9e par <a href=\"http:\/\/www.loria.fr\/~quinson\/\">Martin Quinson<\/a>, ma\u00eetre de conf\u00e9rence \u00e0 l&rsquo;Universit\u00e9 de Lorraine et responsable de l&rsquo;<a href=\"http:\/\/www.inria.fr\/equipes\/algorille\">\u00e9quipe-projet Algorille<\/a>, commune au centre Inria Nancy &#8211; Grand Est et au Loria.<\/p>\n<p>Cet atelier fera \u00e9galement le lien sur le projet \u00ab\u00a0poulailler\u00a0\u00bb de la MJC. Les histoires cr\u00e9\u00e9es par les enfants auront ainsi comme \u00e9l\u00e9ment r\u00e9current une poule, un poulailler, un poussin, etc.<\/p>\n<blockquote>\n<h4><strong>Contexte<\/strong><\/h4>\n<\/blockquote>\n<p>Nous partons du postulat que savoir programmer est un talent essentiel, juste apr\u00e8s lire, \u00e9crire, compter. Des prises de conscience, \u00e0 l\u2019\u00e9chelle nationale et internationale, montrent la n\u00e9cessit\u00e9 d\u2019enseigner l\u2019informatique et le num\u00e9rique, et d\u2019accompagner au mieux les initiatives tendant \u00e0 apprendre la programmation d\u00e8s le plus jeune \u00e2ge.<\/p>\n<p>&#8211; \u00a0<a href=\"http:\/\/www.societe-informatique-de-france.fr\/sif_lo\/Lettre_ouverte_2014.html\">http:\/\/www.societe-informatique-de-france.fr\/sif_lo\/Lettre_ouverte_2014.html<\/a><\/p>\n<p>&#8211;\u00a0\u00a0<a href=\"http:\/\/www.elysee.fr\/videos\/echange-avec-la-salle-lors-de-l-039-inauguration-du-us-french-tech-hub-prusa\/\">http:\/\/www.elysee.fr\/videos\/echange-avec-la-salle-lors-de-l-039-inauguration-du-us-french-tech-hub-prusa\/<\/a><\/p>\n<p>&#8211;\u00a0\u00a0<a href=\"http:\/\/www.youtube.com\/watch?v=6XvmhE1J9PY\">http:\/\/www.youtube.com\/watch?v=6XvmhE1J9PY<\/a>.<\/p>\n<p>C\u2019est en coh\u00e9rence avec ces prises de conscience qu\u2019Inria Nancy &#8211; Grand Est s\u2019associe \u00e0 la MJC centre social Nomade de Vandoeuvre pour proposer l\u2019activit\u00e9 Cod Cod Coding.<\/p>\n<blockquote>\n<h4><strong>Qui sommes-nous ?<\/strong><\/h4>\n<\/blockquote>\n<p><a href=\"http:\/\/www.inria.fr\/\"><b>Inria\u00a0<\/b><\/a><\/p>\n<p>Aujourd\u2019hui, les technologies num\u00e9riques rendent les transports plus autonomes et plus s\u00fbrs, les maisons plus intelligentes, l\u2019agriculture plus respectueuse de l\u2019environnement&#8230; Elles sont \u00e0 l\u2019origine de nouveaux services, transforment en profondeur nos modes de vie et enrichissent notre quotidien.<\/p>\n<p>Pour se d\u00e9velopper, notre soci\u00e9t\u00e9 compte toujours plus sur ces technologies num\u00e9riques qui restent souvent invisibles. Elles sont issues de travaux de recherche longs et complexes associant sciences informatiques et math\u00e9matiques.<\/p>\n<p><a href=\"http:\/\/mjc-nomade.fr\/\"><b>MJC Centre social Nomade<\/b><\/a><\/p>\n<p>La MJC Centre social Nomade, implant\u00e9e dans un quartier populaire relevant de la politique de la ville, initie depuis plus de 10 ans des actions pour promouvoir les sciences et les techniques aupr\u00e8s des jeunes et de leurs familles.\u00a0Ses actions visent \u00e0 permettre aux enfants et adolescents de s&rsquo;investir dans des projets o\u00f9 ils peuvent s&rsquo;amuser, observer, exp\u00e9rimenter, d\u00e9couvrir, apprendre les uns des autres et gr\u00e2ce auxquels elle tente de leur faire approcher la d\u00e9marche exp\u00e9rimentale.<\/p>\n<blockquote>\n<h4><strong>\u00c0 qui s\u2019adresse ce blog ?<\/strong><\/h4>\n<\/blockquote>\n<p>Cod Cod Coding est un blog qui a vocation \u00e0 valoriser l&rsquo;atelier de programmation cr\u00e9ative du m\u00eame nom mis en place \u00e0 la MJC centre social Nomade \u00e0 la rentr\u00e9e 2014.<\/p>\n<p>Il s&rsquo;adresse \u00e0 toute personne curieuse des initiatives de coding go\u00fbter : parent, animateur, professionnel-le de la m\u00e9diation scientifique ou chercheur-euse.<\/p>","protected":false},"excerpt":{"rendered":"<p>L&rsquo;activit\u00e9 Cod Cod Coding est une activit\u00e9 hebdomadaire o\u00f9 les enfants (\u00e0 partir de 8 ans) jouent avec des outils de programmation, des jeux et puzzles algorithmiques, des environnements de d\u00e9veloppement et une vari\u00e9t\u00e9 de langages. Par l&rsquo;utilisation du logiciel de programmation intuitif \u00ab\u00a0scratch\u00a0\u00bb, les membres de l\u2019atelier sont amen\u00e9s \u00e0 : raconter des histoires &hellip; <\/p>\n<p><a class=\"more-link btn\" href=\"https:\/\/iww.inria.fr\/codcodcoding\/home\/\">Lire la suite<\/a><\/p>\n","protected":false},"author":1,"featured_media":0,"parent":0,"menu_order":0,"comment_status":"closed","ping_status":"open","template":"","meta":{"footnotes":""},"class_list":["post-4","page","type-page","status-publish","hentry","nodate","item-wrap"],"_links":{"self":[{"href":"https:\/\/iww.inria.fr\/codcodcoding\/wp-json\/wp\/v2\/pages\/4","targetHints":{"allow":["GET"]}}],"collection":[{"href":"https:\/\/iww.inria.fr\/codcodcoding\/wp-json\/wp\/v2\/pages"}],"about":[{"href":"https:\/\/iww.inria.fr\/codcodcoding\/wp-json\/wp\/v2\/types\/page"}],"author":[{"embeddable":true,"href":"https:\/\/iww.inria.fr\/codcodcoding\/wp-json\/wp\/v2\/users\/1"}],"replies":[{"embeddable":true,"href":"https:\/\/iww.inria.fr\/codcodcoding\/wp-json\/wp\/v2\/comments?post=4"}],"version-history":[{"count":29,"href":"https:\/\/iww.inria.fr\/codcodcoding\/wp-json\/wp\/v2\/pages\/4\/revisions"}],"predecessor-version":[{"id":1371,"href":"https:\/\/iww.inria.fr\/codcodcoding\/wp-json\/wp\/v2\/pages\/4\/revisions\/1371"}],"wp:attachment":[{"href":"https:\/\/iww.inria.fr\/codcodcoding\/wp-json\/wp\/v2\/media?parent=4"}],"curies":[{"name":"wp","href":"https:\/\/api.w.org\/{rel}","templated":true}]}}