
{"id":1426,"date":"2014-09-16T15:34:05","date_gmt":"2014-09-16T13:34:05","guid":{"rendered":"https:\/\/iww.inria.fr\/codcodcoding\/?page_id=1426"},"modified":"2014-12-08T19:26:02","modified_gmt":"2014-12-08T18:26:02","slug":"on-parle-de-nous","status":"publish","type":"page","link":"https:\/\/iww.inria.fr\/codcodcoding\/on-parle-de-nous\/","title":{"rendered":"On parle de nous\u2026"},"content":{"rendered":"<p><\/p>\n<ul>\n<li>Reportage de France 3 Lorraine<\/li>\n<\/ul>\n<p><a href=\"https:\/\/www.youtube.com\/watch?v=6Z4jBzG8Qco\">\u00ab C&rsquo;est en Lorraine \u00bb dans le 19\/20 de France 3 Lorraine du 24 novembre 2014<\/a> (<a href=\"http:\/\/julien.vaubourg.com\/files\/fr3_codcodcoding.webm\">second lien<\/a>)<\/p>\n<ul>\n<li>Interview de Martin Quinson<\/li>\n<\/ul>\n<p><a href=\"http:\/\/www.rcn-radio.org\/wp-content\/uploads\/wp-BD-jplayer\/2014_10_21_contrechamp.mp3\">Emission Contrechamps sur Radio Caraib Nancy le 21 octobre 2014<\/a>\u00a0(\u00e0 partir\u00a0de 32:30)<\/p>\n<ul>\n<li>Programmation cr\u00e9ative \u00e0 Nomade<\/li>\n<\/ul>\n<p><a href=\"https:\/\/iww.inria.fr\/codcodcoding\/files\/2014\/09\/20140924_codcodcoding_article_ER.pdf\">Article paru dans l&rsquo;Est R\u00e9publicain le 24 septembre 2014<\/a><\/p>\n<ul>\n<li>Cod cod coding \u00e0 Nancy<\/li>\n<\/ul>\n<p><a href=\"http:\/\/binaire.blog.lemonde.fr\/2014\/09\/17\/cod-cod-coding-a-nancy\/\">Article paru sur le blog Binaire du Monde le 17 septembre 2014<\/a><\/p>\n<ul>\n<li>Informatique en primaire, comment faire ?<\/li>\n<\/ul>\n<p><a href=\"http:\/\/binaire.blog.lemonde.fr\/2014\/09\/12\/informatique-en-primaire-comment-faire\/\">Article paru sur le blog Binaire du Monde le 12 septembre 2014<\/a><\/p>","protected":false},"excerpt":{"rendered":"<p>Reportage de France 3 Lorraine \u00ab C&rsquo;est en Lorraine \u00bb dans le 19\/20 de France 3 Lorraine du 24 novembre 2014 (second lien) Interview de Martin Quinson Emission Contrechamps sur Radio Caraib Nancy le 21 octobre 2014\u00a0(\u00e0 partir\u00a0de 32:30) Programmation cr\u00e9ative \u00e0 Nomade Article paru dans l&rsquo;Est R\u00e9publicain le 24 septembre 2014 Cod cod coding &hellip; <\/p>\n<p><a class=\"more-link btn\" href=\"https:\/\/iww.inria.fr\/codcodcoding\/on-parle-de-nous\/\">Lire la suite<\/a><\/p>\n","protected":false},"author":624,"featured_media":0,"parent":0,"menu_order":0,"comment_status":"open","ping_status":"closed","template":"","meta":{"footnotes":""},"class_list":["post-1426","page","type-page","status-publish","hentry","nodate","item-wrap"],"_links":{"self":[{"href":"https:\/\/iww.inria.fr\/codcodcoding\/wp-json\/wp\/v2\/pages\/1426","targetHints":{"allow":["GET"]}}],"collection":[{"href":"https:\/\/iww.inria.fr\/codcodcoding\/wp-json\/wp\/v2\/pages"}],"about":[{"href":"https:\/\/iww.inria.fr\/codcodcoding\/wp-json\/wp\/v2\/types\/page"}],"author":[{"embeddable":true,"href":"https:\/\/iww.inria.fr\/codcodcoding\/wp-json\/wp\/v2\/users\/624"}],"replies":[{"embeddable":true,"href":"https:\/\/iww.inria.fr\/codcodcoding\/wp-json\/wp\/v2\/comments?post=1426"}],"version-history":[{"count":14,"href":"https:\/\/iww.inria.fr\/codcodcoding\/wp-json\/wp\/v2\/pages\/1426\/revisions"}],"predecessor-version":[{"id":1555,"href":"https:\/\/iww.inria.fr\/codcodcoding\/wp-json\/wp\/v2\/pages\/1426\/revisions\/1555"}],"wp:attachment":[{"href":"https:\/\/iww.inria.fr\/codcodcoding\/wp-json\/wp\/v2\/media?parent=1426"}],"curies":[{"name":"wp","href":"https:\/\/api.w.org\/{rel}","templated":true}]}}